{"id":440,"date":"2018-11-28T19:26:48","date_gmt":"2018-11-28T19:26:48","guid":{"rendered":"https:\/\/malina.artstudioworks.net\/?page_id=440"},"modified":"2023-07-11T17:25:19","modified_gmt":"2023-07-11T15:25:19","slug":"about-me","status":"publish","type":"page","link":"https:\/\/guides-oxygen.fr\/index.php\/about-me\/","title":{"rendered":"A propos&#8230;"},"content":{"rendered":"\n<figure class=\"wp-block-image size-large is-resized\"><img loading=\"lazy\" src=\"https:\/\/guides-oxygen.fr\/wp-content\/uploads\/2020\/12\/img006-618x730.jpg\" alt=\"\" class=\"wp-image-2955\" width=\"618\" height=\"730\"\/><\/figure>\n\n\n\n<div style=\"height:15px\" aria-hidden=\"true\" class=\"wp-block-spacer\"><\/div>\n\n\n\n<p>Bienvenue sur OXYGEN&nbsp;!<\/p>\n\n\n\n<p>Je suis Lydia, cr\u00e9atrice de ce site et du guide OXYGEN Haute-Savoie, pour une bonne dose d\u2019id\u00e9es pour vos vacances et vos week-ends\u00a0!<\/p>\n\n\n\n<p>Parce que, pris dans la cadence \u00ab&nbsp;m\u00e9tro-boulot-dodo&nbsp;\u00bb, vous n\u2019avez pas eu le temps de vous concocter le plus sympa des week-ends, ou vous \u00eates tout simplement d\u00e9pass\u00e9 par l\u2019organisation d\u2019un s\u00e9jour, je vous propose sur ce site des itin\u00e9raires \u00e0 suivre sur une journ\u00e9e (matin, d\u00e9jeuner, apr\u00e8s-midi\u2026) pour ne rien rater de ce que les villes et villages ont \u00e0 offrir. D\u00e9couvrez les incontournables, les insolites et mes coups de c\u0153ur, en famille, en duo ou en solo, souvent \u00e0 pied pour prendre le temps de savourer.<\/p>\n\n\n\n<p>Il ne s\u2019agit ici que de suggestions car il est bien \u00e9vident que nous ne partageons pas tous les m\u00eames centres d\u2019int\u00e9r\u00eat. Libre \u00e0 vous de zapper la visite du mus\u00e9e du Camembert si vous n\u2019aimez pas le fromage, la balade en cano\u00eb si vous avez peur de l\u2019eau ou encore le farniente sur la plage si vous \u00eates hyperactif&nbsp;! Les journ\u00e9es planifi\u00e9es sont souvent modulables&nbsp;: ce qui est propos\u00e9 le matin peut \u00eatre fait l\u2019apr\u00e8s-midi&nbsp;; de m\u00eame, dans le cas d\u2019une ville qui se visite en plusieurs jours, en fonction de vos envies, de la m\u00e9t\u00e9o, etc., le programme du matin du 1<sup>er<\/sup> jour sera peut-\u00eatre plus adapt\u00e9 le lendemain. Pour chaque lieu, vous trouverez le temps de visite, l&rsquo;itin\u00e9raire et le temps de trajet d\u2019un point 1 \u00e0 un point 2, ainsi que les tarifs, horaires&#8230; bref, toutes les infos qui vous seront utiles !<\/p>\n\n\n\n<p>Et pour plus d\u2019id\u00e9es encore, les guides OXYGEN, petits guides version papier, proposent bien d&rsquo;autres journ\u00e9es d\u00e9taill\u00e9es pour la d\u00e9couverte d&rsquo;une r\u00e9gion donn\u00e9e. Ils regroupent les meilleurs lieux \u00e0 ne pas manquer, par villes, de quoi s\u2019occuper un week-end, un court ou un long s\u00e9jour. D\u2019autres rubriques viennent agr\u00e9menter ces guides&nbsp;: comment y aller, comment se d\u00e9placer, d\u00e9couverte des sp\u00e9cialit\u00e9s locales, etc. D&rsquo;un format pratique, ils se glissent facilement dans votre sac \u00e0 dos ; vous pourrez ainsi les emmener partout avec vous. Retrouvez-les sur cette page : <a href=\"https:\/\/guides-oxygen.fr\/index.php\/guides\/\" data-type=\"URL\" data-id=\"https:\/\/guides-oxygen.fr\/index.php\/guides\/\">https:\/\/guides-oxygen.fr\/index.php\/guides\/<\/a>.<\/p>\n\n\n\n<p>Laissez-vous guider et profitez pleinement de votre s\u00e9jour !<\/p>\n\n\n\n<p class=\"has-text-align-center signature\">Lydia<\/p>\n\n\n<div class=\"social-icons textcenter simple social-icons-\"><ul class=\"unstyled\"><li class=\"social-pinterest\"><a href=\"https:\/\/www.pinterest.fr\/guidesoxygen\/\" target=\"_blank\" title=\"Pinterest\"><i class=\"fab fa-pinterest-p\"><\/i><span>Pinterest<\/span><\/a><\/li><li class=\"social-instagram\"><a href=\"https:\/\/www.instagram.com\/guides.oxygen\/\" target=\"_blank\" title=\"Instagram\"><i class=\"fab fa-instagram\"><\/i><span>Instagram<\/span><\/a><\/li><\/ul><\/div>\n\n\n\n","protected":false},"excerpt":{"rendered":"<p>Bienvenue sur OXYGEN&nbsp;! Je suis Lydia, cr\u00e9atrice de ce site et du guide OXYGEN Haute-Savoie, pour une bonne dose d\u2019id\u00e9es pour vos vacances et vos week-ends\u00a0! Parce que, pris dans la cadence \u00ab&nbsp;m\u00e9tro-boulot-dodo&nbsp;\u00bb, vous n\u2019avez pas eu le temps de vous concocter le plus sympa des week-ends, ou vous \u00eates tout simplement d\u00e9pass\u00e9 par l\u2019organisation<\/p>\n","protected":false},"author":1,"featured_media":0,"parent":0,"menu_order":0,"comment_status":"closed","ping_status":"closed","template":"","meta":{"kt_blocks_editor_width":""},"kb_featured_image_src_large":false,"kb_author_info":{"display_name":"admin9752","author_link":"https:\/\/guides-oxygen.fr\/index.php\/author\/admin9752\/","author_image":"https:\/\/secure.gravatar.com\/avatar\/1d0af9863665be3aecbe367147e25919?s=96&d=mm&r=g"},"kb_comment_info":0,"_links":{"self":[{"href":"https:\/\/guides-oxygen.fr\/index.php\/wp-json\/wp\/v2\/pages\/440"}],"collection":[{"href":"https:\/\/guides-oxygen.fr\/index.php\/wp-json\/wp\/v2\/pages"}],"about":[{"href":"https:\/\/guides-oxygen.fr\/index.php\/wp-json\/wp\/v2\/types\/page"}],"author":[{"embeddable":true,"href":"https:\/\/guides-oxygen.fr\/index.php\/wp-json\/wp\/v2\/users\/1"}],"replies":[{"embeddable":true,"href":"https:\/\/guides-oxygen.fr\/index.php\/wp-json\/wp\/v2\/comments?post=440"}],"version-history":[{"count":16,"href":"https:\/\/guides-oxygen.fr\/index.php\/wp-json\/wp\/v2\/pages\/440\/revisions"}],"predecessor-version":[{"id":5710,"href":"https:\/\/guides-oxygen.fr\/index.php\/wp-json\/wp\/v2\/pages\/440\/revisions\/5710"}],"wp:attachment":[{"href":"https:\/\/guides-oxygen.fr\/index.php\/wp-json\/wp\/v2\/media?parent=440"}],"curies":[{"name":"wp","href":"https:\/\/api.w.org\/{rel}","templated":true}]}}