{"id":375,"date":"2018-11-27T15:43:10","date_gmt":"2018-11-27T15:43:10","guid":{"rendered":"https:\/\/malina.artstudioworks.net\/?page_id=375"},"modified":"2023-07-11T17:25:47","modified_gmt":"2023-07-11T15:25:47","slug":"contact-me","status":"publish","type":"page","link":"https:\/\/guides-oxygen.fr\/index.php\/contact-me\/","title":{"rendered":"Contactez-moi"},"content":{"rendered":"\n<figure class=\"wp-block-image alignfull size-malina-fullwidth-slider is-style-default\"><img loading=\"lazy\" width=\"1900\" height=\"650\" src=\"https:\/\/guides-oxygen.fr\/wp-content\/uploads\/2019\/10\/dannymoore1973-1900x650.jpg\" alt=\"\" class=\"wp-image-1442\"\/><\/figure>\n\n\n\n<p>Si vous souhaitez me contacter, pour toutes questions sur un article, pour toutes demandes, ou tout simplement pour un p&rsquo;tit mot gentil (\u00e7a fait toujours plaisir !), n&rsquo;h\u00e9sitez pas \u00e0 m&rsquo;\u00e9crire en utilisant le formulaire ci-dessous ou par e-mail \u00e0 guides.oxygen@free.fr.<\/p>\n\n\n\n<p>A bient\u00f4t !<\/p>\n\n\n<style id=\"kt-blocks_19163d-22\">@media all and (min-width: 768px){#kt-layout-id_19163d-22 > .kt-row-column-wrap > .inner-column-1{flex:0 1 75%;-webkit-flex:0 1 75%;}#kt-layout-id_19163d-22 > .kt-row-column-wrap > .inner-column-2{flex:0 1 25%;-webkit-flex:0 1 25%;}}<\/style>\n<div class=\"wp-block-kadence-rowlayout alignnone\"><div id=\"kt-layout-id_19163d-22\" class=\"kt-row-layout-inner kt-layout-id_19163d-22\"><div class=\"kt-row-column-wrap kt-has-2-columns kt-gutter-default kt-v-gutter-default kt-row-valign-top kt-row-layout-left-golden kt-tab-layout-inherit kt-m-colapse-left-to-right kt-mobile-layout-row  kt-custom-first-width-75\">\n<div class=\"wp-block-kadence-column inner-column-1 kadence-column_692839-d2\"><div class=\"kt-inside-inner-col\"><div role=\"form\" class=\"wpcf7\" id=\"wpcf7-f1431-o1\" lang=\"en-US\" dir=\"ltr\">\n<div class=\"screen-reader-response\"><p role=\"status\" aria-live=\"polite\" aria-atomic=\"true\"><\/p> <ul><\/ul><\/div>\n<form action=\"\/index.php\/wp-json\/wp\/v2\/pages\/375#wpcf7-f1431-o1\" method=\"post\" class=\"wpcf7-form init\" novalidate=\"novalidate\" data-status=\"init\">\n<div style=\"display: none;\">\n<input type=\"hidden\" name=\"_wpcf7\" value=\"1431\" \/>\n<input type=\"hidden\" name=\"_wpcf7_version\" value=\"5.4\" \/>\n<input type=\"hidden\" name=\"_wpcf7_locale\" value=\"en_US\" \/>\n<input type=\"hidden\" name=\"_wpcf7_unit_tag\" value=\"wpcf7-f1431-o1\" \/>\n<input type=\"hidden\" name=\"_wpcf7_container_post\" value=\"0\" \/>\n<input type=\"hidden\" name=\"_wpcf7_posted_data_hash\" value=\"\" \/>\n<\/div>\n<p><label> Votre nom*<br \/>\n    <span class=\"wpcf7-form-control-wrap your-name\"><input type=\"text\" name=\"your-name\" value=\"\" size=\"40\" class=\"wpcf7-form-control wpcf7-text wpcf7-validates-as-required\" aria-required=\"true\" aria-invalid=\"false\" \/><\/span> <\/label><\/p>\n<p><label> Votre email*<br \/>\n    <span class=\"wpcf7-form-control-wrap your-email\"><input type=\"email\" name=\"your-email\" value=\"\" size=\"40\" class=\"wpcf7-form-control wpcf7-text wpcf7-email wpcf7-validates-as-required wpcf7-validates-as-email\" aria-required=\"true\" aria-invalid=\"false\" \/><\/span> <\/label><\/p>\n<p><label> Sujet<br \/>\n    <span class=\"wpcf7-form-control-wrap your-subject\"><input type=\"text\" name=\"your-subject\" value=\"\" size=\"40\" class=\"wpcf7-form-control wpcf7-text\" aria-invalid=\"false\" \/><\/span> <\/label><\/p>\n<p><label> Votre message<br \/>\n    <span class=\"wpcf7-form-control-wrap your-message\"><textarea name=\"your-message\" cols=\"40\" rows=\"10\" class=\"wpcf7-form-control wpcf7-textarea\" aria-invalid=\"false\"><\/textarea><\/span> <\/label><\/p>\n<p><input type=\"submit\" value=\"Envoyer\" class=\"wpcf7-form-control wpcf7-submit\" \/><\/p>\n<div class=\"wpcf7-response-output\" aria-hidden=\"true\"><\/div><\/form><\/div><\/div><\/div>\n\n\n\n<div class=\"wp-block-kadence-column inner-column-2 kadence-column_0f484d-af\"><div class=\"kt-inside-inner-col\">\t<div id=\"sidebar\" class=\"sticky\">\n\t<div id=\"custom_html-1\" class=\"widget_text widget widget_custom_html\"><h3 class=\"widget-title\"><span>Guides<\/span><\/h3><div class=\"textwidget custom-html-widget\"><p align=\"center\">Le 1er guide touristique OXYGEN est arriv\u00e9 ! Retrouvez-le ici&nbsp;!\n\t<a href=\"https:\/\/guides-oxygen.fr\/index.php\/guides\/\"><br \/>En savoir plus<\/a><\/p><\/div><\/div><div id=\"aboutme-1\" class=\"widget widget_aboutme\"><h3 class=\"widget-title\"><span>A propos<\/span><\/h3>\t\t\t<div class=\"about-me\">\r\n\t\t\t\t\t\t\t\t<div class=\"about-me-img\">\r\n\t\t\t\t\t<a href=\"https:\/\/guides-oxygen.fr\/index.php\/about-me\/\"><img class=\"circle\" src=\"https:\/\/guides-oxygen.fr\/wp-content\/uploads\/2020\/12\/img006-160x160.jpg\" alt=\"about-me-image\"><\/a>\t\t\t\t<\/div>\r\n\t\t\t\t\t\t\t\t<div class=\"content\">\r\n\t\t\t\t\tCr\u00e9atrice de ce site et du guide OXYGEN Haute-Savoie, je vous propose une bonne dose d\u2019id\u00e9es pour vos vacances et vos week-ends !\t\t\t\t\t\t\t\t\t\t<div class=\"signature\">\r\n\t\t\t\t\t\tLydia\t\t\t\t\t<\/div>\r\n\t\t\t\t\t\t\t\t\t<\/div>\r\n\t\t\t\t\r\n\t\t\t\t<div class=\"social-icons\"><ul class=\"unstyled\"><li class=\"social-pinterest\"><a href=\"https:\/\/www.pinterest.fr\/guidesoxygen\/\" target=\"_blank\" title=\"Pinterest\"><i class=\"fab fa-pinterest-p\"><\/i><\/a><\/li><li class=\"social-instagram\"><a href=\"https:\/\/www.instagram.com\/guides.oxygen\/\" target=\"_blank\" title=\"Instagram\"><i class=\"fab fa-instagram\"><\/i><\/a><\/li><\/ul><\/div>\t\t\t<\/div>\r\n\r\n\t\t<\/div>\t<\/div>\n\t<\/div><\/div>\n<\/div><\/div><\/div>\n","protected":false},"excerpt":{"rendered":"<p>Si vous souhaitez me contacter, pour toutes questions sur un article, pour toutes demandes, ou tout simplement pour un p&rsquo;tit mot gentil (\u00e7a fait toujours plaisir !), n&rsquo;h\u00e9sitez pas \u00e0 m&rsquo;\u00e9crire en utilisant le formulaire ci-dessous ou par e-mail \u00e0 guides.oxygen@free.fr. A bient\u00f4t !<\/p>\n","protected":false},"author":1,"featured_media":0,"parent":0,"menu_order":0,"comment_status":"closed","ping_status":"closed","template":"page-nosidebar.php","meta":{"kt_blocks_editor_width":""},"kb_featured_image_src_large":false,"kb_author_info":{"display_name":"admin9752","author_link":"https:\/\/guides-oxygen.fr\/index.php\/author\/admin9752\/","author_image":"https:\/\/secure.gravatar.com\/avatar\/1d0af9863665be3aecbe367147e25919?s=96&d=mm&r=g"},"kb_comment_info":0,"_links":{"self":[{"href":"https:\/\/guides-oxygen.fr\/index.php\/wp-json\/wp\/v2\/pages\/375"}],"collection":[{"href":"https:\/\/guides-oxygen.fr\/index.php\/wp-json\/wp\/v2\/pages"}],"about":[{"href":"https:\/\/guides-oxygen.fr\/index.php\/wp-json\/wp\/v2\/types\/page"}],"author":[{"embeddable":true,"href":"https:\/\/guides-oxygen.fr\/index.php\/wp-json\/wp\/v2\/users\/1"}],"replies":[{"embeddable":true,"href":"https:\/\/guides-oxygen.fr\/index.php\/wp-json\/wp\/v2\/comments?post=375"}],"version-history":[{"count":7,"href":"https:\/\/guides-oxygen.fr\/index.php\/wp-json\/wp\/v2\/pages\/375\/revisions"}],"predecessor-version":[{"id":3005,"href":"https:\/\/guides-oxygen.fr\/index.php\/wp-json\/wp\/v2\/pages\/375\/revisions\/3005"}],"wp:attachment":[{"href":"https:\/\/guides-oxygen.fr\/index.php\/wp-json\/wp\/v2\/media?parent=375"}],"curies":[{"name":"wp","href":"https:\/\/api.w.org\/{rel}","templated":true}]}}