{"id":3017,"date":"2020-12-14T10:25:20","date_gmt":"2020-12-14T09:25:20","guid":{"rendered":"https:\/\/guides-oxygen.fr\/?page_id=3017"},"modified":"2023-05-04T13:12:41","modified_gmt":"2023-05-04T11:12:41","slug":"guides","status":"publish","type":"page","link":"https:\/\/guides-oxygen.fr\/index.php\/guides\/","title":{"rendered":"Guides"},"content":{"rendered":"<style id=\"kt-blocks_90a8b7-b7\">#kt-info-box_90a8b7-b7 .kt-blocks-info-box-link-wrap {border-color:rgba(255, 255, 255, 1);border-radius:20px;background:rgba(255, 255, 255, 1);padding:24px 24px 24px 24px;border-width:5px 5px 5px 5px;}#kt-info-box_90a8b7-b7 .kt-blocks-info-box-link-wrap:hover {border-color:rgba(238, 238, 238, 1);background:rgba(255, 255, 255, 1);}#kt-info-box_90a8b7-b7 .kt-info-svg-icon, #kt-info-box_90a8b7-b7 .kt-blocks-info-box-number {font-size:50px;}#kt-info-box_90a8b7-b7 .kt-blocks-info-box-media {color:#444444;background:#ffffff;border-color:#eeeeee;border-width:20px 20px 20px 20px;padding:0px 0px 0px 0px;margin:0px 20px 0px 0px;}#kt-info-box_90a8b7-b7 .kt-blocks-info-box-link-wrap:hover .kt-blocks-info-box-media {color:#444444;background:#ffffff;border-color:#eeeeee;}#kt-info-box_90a8b7-b7 .kt-blocks-info-box-title {color:#515154;letter-spacing:0.5px;padding:0px 0px 0px 0px;margin:5px 0px 10px 0px;}#kt-info-box_90a8b7-b7 .kt-blocks-info-box-text {color:#515154;}<\/style>\n<div id=\"kt-info-box_90a8b7-b7\" class=\"wp-block-kadence-infobox\"><a class=\"kt-blocks-info-box-link-wrap info-box-link kt-blocks-info-box-media-align-left kt-info-halign-left\" target=\"_blank\" rel=\"noopener noreferrer\" href=\"https:\/\/www.amazon.fr\/Haute-Savoie-dAnnecy-Chamonix-Mont-Blanc-Thonon-Bains\/dp\/B0B2TSJBQV\/ref=sr_1_1?__mk_fr_FR=%C3%85M%C3%85%C5%BD%C3%95%C3%91&amp;crid=1QXYBE0MCIK1X&amp;keywords=guide+oxygene+haute+savoie&amp;qid=1655560848&amp;sprefix=guides+oxygen+haute+savoie%2Caps%2C66&amp;sr=8-1\"><div class=\"kt-blocks-info-box-media-container\"><div class=\"kt-blocks-info-box-media kt-info-media-animate-none\"><div class=\"kadence-info-box-image-inner-intrisic-container\" style=\"max-width:250px\"><div class=\"kadence-info-box-image-intrisic kt-info-animate-none\" style=\"padding-bottom:154.33333333333331%;height:0;width:600px;max-width:100%\"><div class=\"kadence-info-box-image-inner-intrisic\"><img loading=\"lazy\" src=\"https:\/\/guides-oxygen.fr\/wp-content\/uploads\/2021\/02\/B0B2TSJBQV.01.S001.LXXXXXXX.jpg\" alt=\"Livre Haute-Savoie\" width=\"600\" height=\"926\" class=\"kt-info-box-image wp-image-5701 \" srcset=\"https:\/\/guides-oxygen.fr\/wp-content\/uploads\/2021\/02\/B0B2TSJBQV.01.S001.LXXXXXXX.jpg 600w, https:\/\/guides-oxygen.fr\/wp-content\/uploads\/2021\/02\/B0B2TSJBQV.01.S001.LXXXXXXX-585x903.jpg 585w\" sizes=\"(max-width: 600px) 100vw, 600px\" \/><\/div><\/div><\/div><\/div><\/div><div class=\"kt-infobox-textcontent\"><h3 class=\"kt-blocks-info-box-title\"> Haute-Savoie &#8211; Livre broch\u00e9 17,99\u20ac<\/h3><p class=\"kt-blocks-info-box-text\">Retrouvez 59 journ\u00e9es programm\u00e9es et test\u00e9es pour vous, regroupant :<br\/>&#8211; les incontournables,<br\/>&#8211; les visites et balades \u00e0 ne pas manquer,<br\/>&#8211; des activit\u00e9s,<br\/>&#8211; des adresses gourmandes,<br\/>&#8211; les infos utiles&#8230;<br\/>tout pour passer un excellent s\u00e9jour en Haute-Savoie !<br\/><br\/>Pour l&rsquo;acheter, un clic ici.<\/p><\/div><\/a><\/div>\n","protected":false},"excerpt":{"rendered":"Haute-Savoie - Livre broch\u00e9 17,99\u20acRetrouvez 59 journ\u00e9es programm\u00e9es et test\u00e9es pour vous, regroupant :- les incontournables,- les visites et balades \u00e0 ne pas manquer,- des activit\u00e9s,- des adresses gourmandes,- les infos utiles...tout pour passer un excellent s\u00e9jour en Haute-Savoie !Pour l'acheter, un clic ici.","protected":false},"author":1,"featured_media":0,"parent":0,"menu_order":0,"comment_status":"closed","ping_status":"closed","template":"","meta":{"kt_blocks_editor_width":""},"kb_featured_image_src_large":false,"kb_author_info":{"display_name":"admin9752","author_link":"https:\/\/guides-oxygen.fr\/index.php\/author\/admin9752\/","author_image":"https:\/\/secure.gravatar.com\/avatar\/1d0af9863665be3aecbe367147e25919?s=96&d=mm&r=g"},"kb_comment_info":0,"_links":{"self":[{"href":"https:\/\/guides-oxygen.fr\/index.php\/wp-json\/wp\/v2\/pages\/3017"}],"collection":[{"href":"https:\/\/guides-oxygen.fr\/index.php\/wp-json\/wp\/v2\/pages"}],"about":[{"href":"https:\/\/guides-oxygen.fr\/index.php\/wp-json\/wp\/v2\/types\/page"}],"author":[{"embeddable":true,"href":"https:\/\/guides-oxygen.fr\/index.php\/wp-json\/wp\/v2\/users\/1"}],"replies":[{"embeddable":true,"href":"https:\/\/guides-oxygen.fr\/index.php\/wp-json\/wp\/v2\/comments?post=3017"}],"version-history":[{"count":60,"href":"https:\/\/guides-oxygen.fr\/index.php\/wp-json\/wp\/v2\/pages\/3017\/revisions"}],"predecessor-version":[{"id":5708,"href":"https:\/\/guides-oxygen.fr\/index.php\/wp-json\/wp\/v2\/pages\/3017\/revisions\/5708"}],"wp:attachment":[{"href":"https:\/\/guides-oxygen.fr\/index.php\/wp-json\/wp\/v2\/media?parent=3017"}],"curies":[{"name":"wp","href":"https:\/\/api.w.org\/{rel}","templated":true}]}}